{"id":3,"date":"2019-01-29T12:07:33","date_gmt":"2019-01-29T11:07:33","guid":{"rendered":"http:\/\/ivakonferens.se\/?page_id=3"},"modified":"2020-04-17T10:14:54","modified_gmt":"2020-04-17T08:14:54","slug":"integritetspolicy","status":"publish","type":"page","link":"https:\/\/ivakonferens.stage.tankbar.cloud\/da\/om-oss\/integritetspolicy\/","title":{"rendered":"Fortrolighedspolitik"},"content":{"rendered":"<h1>Fortrolighedspolitik<\/h1>\n<p>IVA Konferenscenter \u00e4r en del av Kungl. Ingenj\u00f6rsvetenskapsakademien, IVA. Kungl. Ingenj\u00f6rsvetenskapsakademien, IVA \u00e4r personuppgiftsansvarig.<\/p>\n<p>IVAs integritetspolicyn publiceras i sin helhet p\u00e5\u00a0<a href=\"https:\/\/www.iva.se\/integritet\" target=\"_blank\" rel=\"noopener\"><span class=\"s2\">https:\/\/www.iva.se\/integritet<\/span><\/a>\u00a0med denna information vill vi s\u00e4rskilt uppm\u00e4rksamma dig som \u00e4r kund hos IVA Konferenscenter p\u00e5 f\u00f6ljande:<\/p>\n<p>IVA Konferens anv\u00e4nder personuppgifter fr\u00e4mst f\u00f6r att administrera bokningar och tillhandah\u00e5lla best\u00e4llda konferenstj\u00e4nster. Vi g\u00f6r ocks\u00e5 riktade informationsutskick och inbjudningar.\u00a0<span class=\"s1\">Du har alltid m\u00f6jlighet att direkt avregistrera dig fr\u00e5n v\u00e5ra nyhetsbrev och utskick, direkt i sj\u00e4lva utskicket.<\/span><\/p>\n<p>Om du har fr\u00e5gor eller av n\u00e5got annat sk\u00e4l vill komma i kontakt med oss g\u00e4llande integritetpolicyn eller det h\u00e4r utskicket kan du anv\u00e4nda f\u00f6ljande kontaktuppgifter:<\/p>\n<p>Personuppgiftsansvarig<br \/>\n<a href=\"mailto:info@iva.se\">info@iva.se<\/a><\/p>\n<p>alternativt<\/p>\n<p>Personuppgiftsansvarig<br \/>\nKungl. Ingenj\u00f6rsvetenskapsakademien, IVA<br \/>\nBox 5073<br \/>\n102 42 Stockholm<\/p>","protected":false},"excerpt":{"rendered":"<p>Integritetspolicy IVA Konferenscenter \u00e4r en del av Kungl. Ingenj\u00f6rsvetenskapsakademien, IVA. Kungl. Ingenj\u00f6rsvetenskapsakademien, IVA \u00e4r personuppgiftsansvarig. IVAs integritetspolicyn publiceras i sin helhet&#8230;<\/p>","protected":false},"author":1,"featured_media":0,"parent":29,"menu_order":50,"comment_status":"closed","ping_status":"closed","template":"templates\/sidebar-template.php","meta":{"_acf_changed":false,"footnotes":""},"class_list":["post-3","page","type-page","status-publish","hentry"],"acf":[],"_links":{"self":[{"href":"https:\/\/ivakonferens.stage.tankbar.cloud\/da\/wp-json\/wp\/v2\/pages\/3","targetHints":{"allow":["GET"]}}],"collection":[{"href":"https:\/\/ivakonferens.stage.tankbar.cloud\/da\/wp-json\/wp\/v2\/pages"}],"about":[{"href":"https:\/\/ivakonferens.stage.tankbar.cloud\/da\/wp-json\/wp\/v2\/types\/page"}],"author":[{"embeddable":true,"href":"https:\/\/ivakonferens.stage.tankbar.cloud\/da\/wp-json\/wp\/v2\/users\/1"}],"replies":[{"embeddable":true,"href":"https:\/\/ivakonferens.stage.tankbar.cloud\/da\/wp-json\/wp\/v2\/comments?post=3"}],"version-history":[{"count":9,"href":"https:\/\/ivakonferens.stage.tankbar.cloud\/da\/wp-json\/wp\/v2\/pages\/3\/revisions"}],"predecessor-version":[{"id":878,"href":"https:\/\/ivakonferens.stage.tankbar.cloud\/da\/wp-json\/wp\/v2\/pages\/3\/revisions\/878"}],"up":[{"embeddable":true,"href":"https:\/\/ivakonferens.stage.tankbar.cloud\/da\/wp-json\/wp\/v2\/pages\/29"}],"wp:attachment":[{"href":"https:\/\/ivakonferens.stage.tankbar.cloud\/da\/wp-json\/wp\/v2\/media?parent=3"}],"curies":[{"name":"wp","href":"https:\/\/api.w.org\/{rel}","templated":true}]}}