{"id":3910,"date":"2022-10-06T10:12:06","date_gmt":"2022-10-06T08:12:06","guid":{"rendered":"https:\/\/ivakonferens.se\/?page_id=3910"},"modified":"2022-10-06T10:15:03","modified_gmt":"2022-10-06T08:15:03","slug":"cookiepolicy","status":"publish","type":"page","link":"https:\/\/ivakonferens.stage.tankbar.cloud\/da\/om-oss\/cookiepolicy\/","title":{"rendered":"Sm\u00e5kager"},"content":{"rendered":"<h1><span style=\"font-weight: 400;\">Vad \u00e4r en cookie?<\/span><\/h1>\n<p><span style=\"font-weight: 400;\">En cookie \u00e4r en textfil som den webbplats du bes\u00f6ker beg\u00e4r att f\u00e5 spara p\u00e5 din enhet (OBS! med enhet dator, l\u00e4splatta och smarttelefon om inget annat framg\u00e5r). Cookien g\u00f6r det m\u00f6jligt att identifiera dig som bes\u00f6kare p\u00e5 en webbplats. Den information som finns i cookien kan sedan anv\u00e4ndas f\u00f6r att f\u00f6lja ditt surfande p\u00e5 webbplatser som anv\u00e4nder samma typ av cookie och d\u00e4rigenom kan exempelvis erbjudanden som visas anpassas utefter dina tidigare s\u00f6kningar.<\/span><\/p>\n<h3>Det finns tv\u00e5 olika typer av cookies:<\/h3>\n<ol>\n<li><span style=\"font-weight: 400;\">Den typ som \u00e4r mer varaktig och sparar en textfil under en l\u00e4ngre tid p\u00e5 din enhet. Dessa cookies har ett best\u00e4mt utg\u00e5ngsdatum och anv\u00e4nds till exempel vid funktioner som talar om vad som \u00e4r nytt sedan du senast bes\u00f6kte den aktuella webbplatsen. N\u00e4r utg\u00e5ngsdatumet f\u00f6r den aktuella cookien passerat raderas den med detsamma fr\u00e5n din enhet n\u00e4r du \u00e5terigen bes\u00f6ker den webbplats som placerade cookien p\u00e5 din enhet.<\/span><\/li>\n<li style=\"font-weight: 400;\" aria-level=\"1\"><span style=\"font-weight: 400;\">Den typ av cookie som \u00e4r mer kortvarig (s.k. sessionscookies) och lagras tempor\u00e4rt i ditt kommunikationsmedel under den tid som du bes\u00f6ker en webbplats. Dessa cookies anv\u00e4nds exempelvis f\u00f6r att h\u00e5lla reda p\u00e5 vilket spr\u00e5k du har valt f\u00f6r den aktuella webbplatsen och f\u00f6rsvinner s\u00e5 snart n\u00e4r du st\u00e4nger ned webbl\u00e4saren.<\/span><\/li>\n<\/ol>\n<p>&nbsp;<\/p>\n<h3>Cookies &amp; liknande tekniker<\/h3>\n<p><span style=\"font-weight: 400;\">Vi p\u00e5 IVA Konferenscenter anv\u00e4nder cookies och liknande tekniker (gemensamt kallade \u201dcookies\u201d) p\u00e5 v\u00e5r webbplats och i v\u00e5ra tj\u00e4nster f\u00f6r att f\u00f6rb\u00e4ttra din upplevelse hos oss samtidigt som vi anpassar v\u00e5ra tj\u00e4nster och kommunikationen. Nedan f\u00f6rklarar vi n\u00e4rmare hur vi anv\u00e4nder cookies och vilka val du kan g\u00f6ra g\u00e4llande dem.<\/span><\/p>\n<p><span style=\"font-weight: 400;\">Vissa cookies som vi anv\u00e4nder inkluderar insamling av personuppgifter, t.ex. din IP-adress och enhetsinformation. F\u00f6r mer information om hur vi behandlar dina personuppgifter, v\u00e4nligen se v\u00e5r <\/span><a href=\"https:\/\/ivakonferens.stage.tankbar.cloud\/da\/om-oss\/integritetspolicy\/\"><span style=\"font-weight: 400;\">integritetspolicy<\/span><\/a><span style=\"font-weight: 400;\">.<\/span><\/p>\n<p><span style=\"font-weight: 400;\">Vi anv\u00e4nder cookies f\u00f6r att g\u00f6ra v\u00e5ra sidor och tj\u00e4nster enklare att anv\u00e4nda samt f\u00f6r att kunna anpassa v\u00e5ra sidor och tj\u00e4nster utefter dina intressen och behov. Genom att cookien h\u00e5ller ordning p\u00e5 vad du tidigare visat intresse f\u00f6r s\u00e5 kan vi visa dig relevant information som f\u00f6rhoppningsvis passar just dina \u00f6nskem\u00e5l. Webbplatsen blir helt enkelt smidigare att anv\u00e4nda.\u00a0<\/span><\/p>\n<p><span style=\"font-weight: 400;\">F\u00f6r att vidareutveckla v\u00e5ra digitala tj\u00e4nster anv\u00e4nder vi \u00e4ven cookies f\u00f6r utv\u00e4rdering av s\u00f6k- och anv\u00e4ndarbeteenden inom och utanf\u00f6r v\u00e5r hemsida. Syftet \u00e4r att optimera anv\u00e4ndarupplevelsen, individualisera marknadsf\u00f6ringen och f\u00f6ra statistik.<\/span><\/p>\n<p>&nbsp;<\/p>\n<p><span style=\"font-weight: 400;\"><strong><em>*Vi l\u00e4mnar aldrig ut n\u00e5gon personlig identifierbar information fr\u00e5n cookie-anv\u00e4ndningen till en tredje part.<\/em><\/strong>\u00a0<\/span><\/p>\n<p>&nbsp;<\/p>\n<h3>Information om cookies p\u00e5 www.ivakonferens.se<\/h3>\n<p><span style=\"font-weight: 400;\">P\u00e5 www.ivakonferens.se anv\u00e4nds cookies, pixlar och liknande sp\u00e5rningsteknik som ger oss information om din enhet och lagrar informationen p\u00e5 din enhet. Vi p\u00e5 www.ivakonferens.se \u00e4r ansvariga f\u00f6r anv\u00e4ndningen av cookies p\u00e5 v\u00e5r hemsida och i v\u00e5ra nyhetsbrev.<\/span><\/p>\n<p>&nbsp;<\/p>\n<h3>Vilka typer av cookies anv\u00e4nder vi oss av och f\u00f6r vilka \u00e4ndam\u00e5l?<\/h3>\n<p><span style=\"font-weight: 400;\">Vi anv\u00e4nder oss av b\u00e5de b\u00e5de l\u00e5ngvariga och kortvariga cookies. Det fr\u00e4msta syftet med v\u00e5rt anv\u00e4ndande av cookies \u00e4r att underl\u00e4tta analyser av trafiken p\u00e5 v\u00e5r webbplats och f\u00f6rb\u00e4ttra v\u00e5r kundservice.<\/span><\/p>\n<p>&nbsp;<\/p>\n<h3>N\u00f8dvendige cookies<\/h3>\n<p><span style=\"font-weight: 400;\">N\u00f6dv\u00e4ndiga cookies beh\u00f6vs f\u00f6r att vi ska kunna erbjuda v\u00e5ra grundl\u00e4ggande tj\u00e4nster s\u00e5som att chatta med oss. Allts\u00e5 kommer du inte kunna komma \u00e5t alla funktioner p\u00e5 v\u00e5r hemsida om du v\u00e4ljer att st\u00e4nga av dessa cookies.<\/span><\/p>\n<p>&nbsp;<\/p>\n<h3>Funktionscookies<\/h3>\n<p><span style=\"font-weight: 400;\">Funktionscookies beh\u00f6vs f\u00f6r att vissa funktioner p\u00e5 v\u00e5r sajt skall fungera, exempelvis p\u00e5 s\u00e5dana funktioner \u00e4r att bilder ska visas i optimalt l\u00e4ge p\u00e5 den enhet du anv\u00e4nder. Om du inte accepterar dessa cookies kommer du inte att kunna nyttja den fulla funktionalitet som v\u00e5r sajt erbjuder.\u00a0<\/span><\/p>\n<p>&nbsp;<\/p>\n<h3>Analys- &amp; anpassningscookies<\/h3>\n<p><span style=\"font-weight: 400;\">Analys- &amp; anpassningscookies anv\u00e4nds f\u00f6r att exempelvis utveckla v\u00e5r hemsida s\u00e5 vi kontinuerligt kan f\u00f6rb\u00e4ttra anv\u00e4ndarupplevelsen. S\u00e5dana cookies ger oss m\u00f6jlighet att b\u00e5de erbjuda dig produkter och tj\u00e4nster som \u00e4r baserade p\u00e5 ditt k\u00f6p och beteende p\u00e5 sajten, samt komma ih\u00e5g vad du lagt i varukorgen. Om du v\u00e4ljer bort dessa Cookies kan du exempelvis g\u00e5 miste om relevanta produktrekommendationer.<\/span><\/p>\n<p>&nbsp;<\/p>\n<h3>Marknadsf\u00f6ringscookies<\/h3>\n<p><span style=\"font-weight: 400;\">Marknadsf\u00f6ringscookies s\u00e4tts inte av oss utan av v\u00e5ra samarbetspartners.\u00a0 Dessa ger dig m\u00f6jlighet att dela och gilla inneh\u00e5ll p\u00e5 sidan. De g\u00f6r \u00e4ven s\u00e5 att vi kan rikta relevant marknadsf\u00f6ring gentemot dig. V\u00e4ljer du bort dessa cookies s\u00e5 kommer du f\u00e5 mer generella annonser som inte \u00e4r anpassade till dig.<\/span><\/p>\n<p><span style=\"font-weight: 400;\">Genom v\u00e5ra cookies sparar vi \u00e4ven information om bland annat vilka sidor p\u00e5 v\u00e5r webbplats som du bes\u00f6kt. Detta g\u00f6r vi f\u00f6r att kunna anpassa v\u00e5ra erbjudanden och annonser p\u00e5 v\u00e5r webbsida efter vad du \u00e4r intresserad av. Vi anv\u00e4nder oss av Google Analytics som \u00e4r ett webbaserat analysverktyg som tillhandah\u00e5lls av Google Inc., 1600 Amphitheatre Parkway, Mountain View, CA 94043, USA (&#8221;Google&#8221;). Google anv\u00e4nder aktuell information f\u00f6r att utv\u00e4rdera bes\u00f6kares anv\u00e4ndande av webbplatsen, f\u00f6r sammanst\u00e4llande av rapporter om webbplatsanv\u00e4ndande och f\u00f6r tj\u00e4nster i anslutning till webbplatsaktiviteter och internetanv\u00e4ndande. Vidare kan Google komma att anpassa den annonsering som du ser utifr\u00e5n information om ditt tidigare surfande. Informationen som sparas i de cookies som Googles verktyg anv\u00e4nder (s\u00e5som IP-adresser) vidarebefordras till, och lagras p\u00e5, Googles servrar som finns placerade runt om i v\u00e4rlden. I och med detta kan informationen komma att hanteras p\u00e5 en server som \u00e4r placerad i ett annat land \u00e4n d\u00e4r du bor. Google kan \u00e4ven komma att \u00f6verf\u00f6ra informationen till en tredje part om det skulle kr\u00e4vs enligt lag eller n\u00e4r s\u00e5dan tredje part behandlar informationen p\u00e5 uppdrag av Google. Google sammankopplar inte din IP-adress med n\u00e5gon annan information som Google har lagrat.<\/span><\/p>\n<p>&nbsp;<\/p>\n<h3>Cookies som anv\u00e4nds p\u00e5 sajten<\/h3>\n<p>&nbsp;<\/p>\n<table>\n<tbody>\n<tr>\n<td><span style=\"font-weight: 400;\">Facebook.com<\/span><\/td>\n<td><span style=\"font-weight: 400;\">fr<\/span><\/td>\n<td><span style=\"font-weight: 400;\">Hj\u00e4lper oss leverera relevanta annonser f\u00f6r dig p\u00e5 Facebook.<\/span><\/td>\n<\/tr>\n<tr>\n<td><span style=\"font-weight: 400;\">Facebook.com<\/span><\/td>\n<td><span style=\"font-weight: 400;\">_fbp<\/span><\/td>\n<td><span style=\"font-weight: 400;\">Hj\u00e4lper oss leverera relevanta annonser f\u00f6r dig p\u00e5 Facebook.<\/span><\/td>\n<\/tr>\n<tr>\n<td><span style=\"font-weight: 400;\">Google Analytics<\/span><\/td>\n<td><span style=\"font-weight: 400;\">_gat_UA-UA-57572033-1<\/span><\/td>\n<td><span style=\"font-weight: 400;\">Hj\u00e4lper oss r\u00e4kna ut antalet bes\u00f6kare till v\u00e5r webbplats och analysera vilket inneh\u00e5ll de \u00e4r intresserade av.<\/span><\/td>\n<\/tr>\n<tr>\n<td><span style=\"font-weight: 400;\">Google Analytics<\/span><\/td>\n<td><span style=\"font-weight: 400;\">_gat_G-LP5D9X38R7<\/span><\/td>\n<td><span style=\"font-weight: 400;\">Hj\u00e4lper oss r\u00e4kna ut antalet bes\u00f6kare till v\u00e5r webbplats och analysera vilket inneh\u00e5ll de \u00e4r intresserade av.<\/span><\/td>\n<\/tr>\n<tr>\n<td><span style=\"font-weight: 400;\">Google Analytics<\/span><\/td>\n<td><span style=\"font-weight: 400;\">_ga<\/span><\/td>\n<td><span style=\"font-weight: 400;\">Hj\u00e4lper oss r\u00e4kna ut antalet bes\u00f6kare till v\u00e5r webbplats och analysera vilket inneh\u00e5ll de \u00e4r intresserade av.<\/span><\/td>\n<\/tr>\n<tr>\n<td><span style=\"font-weight: 400;\">Google Analytics<\/span><\/td>\n<td><span style=\"font-weight: 400;\">_gid<\/span><\/td>\n<td><span style=\"font-weight: 400;\">Hj\u00e4lper oss r\u00e4kna ut antalet bes\u00f6kare till v\u00e5r webbplats och analysera vilket inneh\u00e5ll de \u00e4r intresserade av.<\/span><\/td>\n<\/tr>\n<tr>\n<td><span style=\"font-weight: 400;\">Google<\/span><\/td>\n<td><span style=\"font-weight: 400;\">DV<\/span><\/td>\n<td><span style=\"font-weight: 400;\">Hj\u00e4lper oss att leverera annonser som \u00e4r relevanta f\u00f6r dig p\u00e5 internet.<\/span><\/td>\n<\/tr>\n<tr>\n<td><span style=\"font-weight: 400;\">Google<\/span><\/td>\n<td><span style=\"font-weight: 400;\">CONSENT<\/span><\/td>\n<td><span style=\"font-weight: 400;\">Hj\u00e4lper oss att leverera annonser som \u00e4r relevanta f\u00f6r dig p\u00e5 internet.<\/span><\/td>\n<\/tr>\n<tr>\n<td><span style=\"font-weight: 400;\">Google<\/span><\/td>\n<td><span style=\"font-weight: 400;\">1P_JAR<\/span><\/td>\n<td><span style=\"font-weight: 400;\">Hj\u00e4lper oss att leverera annonser som \u00e4r relevanta f\u00f6r dig p\u00e5 internet.<\/span><\/td>\n<\/tr>\n<tr>\n<td><span style=\"font-weight: 400;\">Google<\/span><\/td>\n<td><span style=\"font-weight: 400;\">AID<\/span><\/td>\n<td><span style=\"font-weight: 400;\">Hj\u00e4lper oss att leverera annonser som \u00e4r relevanta f\u00f6r dig p\u00e5 internet.<\/span><\/td>\n<\/tr>\n<tr>\n<td><span style=\"font-weight: 400;\">Google<\/span><\/td>\n<td><span style=\"font-weight: 400;\">ANID<\/span><\/td>\n<td><span style=\"font-weight: 400;\">Hj\u00e4lper oss att leverera annonser som \u00e4r relevanta f\u00f6r dig p\u00e5 internet.<\/span><\/td>\n<\/tr>\n<tr>\n<td><span style=\"font-weight: 400;\">Google<\/span><\/td>\n<td><span style=\"font-weight: 400;\">NID<\/span><\/td>\n<td><span style=\"font-weight: 400;\">Hj\u00e4lper oss att leverera annonser som \u00e4r relevanta f\u00f6r dig p\u00e5 internet.<\/span><\/td>\n<\/tr>\n<tr>\n<td><span style=\"font-weight: 400;\">Google<\/span><\/td>\n<td><span style=\"font-weight: 400;\">APISID<\/span><\/td>\n<td><span style=\"font-weight: 400;\">Hj\u00e4lper oss att leverera annonser som \u00e4r relevanta f\u00f6r dig p\u00e5 internet.<\/span><\/td>\n<\/tr>\n<tr>\n<td><span style=\"font-weight: 400;\">Google<\/span><\/td>\n<td><span style=\"font-weight: 400;\">SAPISID<\/span><\/td>\n<td><span style=\"font-weight: 400;\">Hj\u00e4lper oss att leverera annonser som \u00e4r relevanta f\u00f6r dig p\u00e5 internet.<\/span><\/td>\n<\/tr>\n<tr>\n<td><span style=\"font-weight: 400;\">Google<\/span><\/td>\n<td><span style=\"font-weight: 400;\">HSID<\/span><\/td>\n<td><span style=\"font-weight: 400;\">Hj\u00e4lper oss att leverera annonser som \u00e4r relevanta f\u00f6r dig p\u00e5 internet.<\/span><\/td>\n<\/tr>\n<tr>\n<td><span style=\"font-weight: 400;\">Google<\/span><\/td>\n<td><span style=\"font-weight: 400;\">SIDCC<\/span><\/td>\n<td><span style=\"font-weight: 400;\">Hj\u00e4lper oss att leverera annonser som \u00e4r relevanta f\u00f6r dig p\u00e5 internet.<\/span><\/td>\n<\/tr>\n<tr>\n<td><span style=\"font-weight: 400;\">Google<\/span><\/td>\n<td><span style=\"font-weight: 400;\">SSID<\/span><\/td>\n<td><span style=\"font-weight: 400;\">Hj\u00e4lper oss att leverera annonser som \u00e4r relevanta f\u00f6r dig p\u00e5 internet.<\/span><\/td>\n<\/tr>\n<tr>\n<td><span style=\"font-weight: 400;\">Google<\/span><\/td>\n<td><span style=\"font-weight: 400;\">SID<\/span><\/td>\n<td><span style=\"font-weight: 400;\">Hj\u00e4lper oss att leverera annonser som \u00e4r relevanta f\u00f6r dig p\u00e5 internet.<\/span><\/td>\n<\/tr>\n<tr>\n<td><span style=\"font-weight: 400;\">Google<\/span><\/td>\n<td><span style=\"font-weight: 400;\">_gcl_au<\/span><\/td>\n<td><span style=\"font-weight: 400;\">Hj\u00e4lper oss att leverera annonser som \u00e4r relevanta f\u00f6r dig p\u00e5 internet.<\/span><\/td>\n<\/tr>\n<\/tbody>\n<\/table>\n<p>&nbsp;<\/p>\n<h3>Ditt samtycke till v\u00e5rt anv\u00e4ndande av cookies<\/h3>\n<p><span style=\"font-weight: 400;\">Om du samtycker till v\u00e5rt anv\u00e4ndande av cookies f\u00e5r du tillg\u00e5ng till alla funktioner p\u00e5 v\u00e5r webbplats som kr\u00e4ver anv\u00e4ndande av dessa.<\/span><\/p>\n<p>&nbsp;<\/p>\n<p><span style=\"font-weight: 400;\">Du har m\u00f6jlighet att avst\u00e5 fr\u00e5n att l\u00e4mna samtycke och kan \u00e4ven \u00e5terkalla ditt samtycke vilket du g\u00f6r genom att \u00e4ndra inst\u00e4llningarna i din enhet s\u00e5 att detta inte l\u00e4ngre till\u00e5ter anv\u00e4ndande av cookies. Du kan \u00e4ven st\u00e4lla in enhetens webbl\u00e4sare s\u00e5 att en varning ges varje g\u00e5ng webbplatsen f\u00f6rs\u00f6ker s\u00e4tta en cookie p\u00e5 din enhet. Genom inst\u00e4llningarna i webbl\u00e4saren kan du radera cookies om s\u00e5 skulle \u00f6nskas. Om du anv\u00e4nder dig av en dator kan inst\u00e4llningarna om cookies normalvis \u00e4ndras genom inst\u00e4llningarna i din webbl\u00e4sare, om du anv\u00e4nder dig av en l\u00e4splatta kan du normalvis g\u00f6ra detta genom att \u00e4ndra inst\u00e4llningarna i operativsystemet och om du anv\u00e4nder dig av en smarttelefon kan du normalvis g\u00f6ra detta genom att \u00e4ndra inst\u00e4llningarna f\u00f6r smarttelefonens webbl\u00e4sare.<\/span><\/p>\n<p>&nbsp;<\/p>\n<h3>Vad h\u00e4nder om du inte samtycker till v\u00e5rt anv\u00e4ndande av cookies?<\/h3>\n<p><span style=\"font-weight: 400;\">F\u00f6r det fall du inte samtycker till v\u00e5r anv\u00e4ndning av cookies kommer funktionerna p\u00e5 v\u00e5r webbplats inte fungera fullt ut. Du kommer exempelvis inte kunna logga in p\u00e5 v\u00e5r webbplats och v\u00e5ra erbjudanden och annonser kan komma att visas f\u00f6r dig oftare \u00e4n annars.\u00a0<\/span><\/p>\n<p>&nbsp;<\/p>\n<h3><span style=\"font-weight: 400;\">Hur raderar jag mina Cookies?<\/span><\/h3>\n<p><span style=\"font-weight: 400;\">Du kan sj\u00e4lv styra vilka cookies som l\u00e4ggs p\u00e5 din enhet direkt via din webbl\u00e4sare.Om du inte vill att cookies ska lagras p\u00e5 din enhet kan du st\u00e4nga av funktionen, det g\u00f6r du i din webbl\u00e4sares inst\u00e4llningar. D\u00e5 lagras inga cookies men du kommer inte heller att kunna anv\u00e4nda vissa funktioner p\u00e5 webbplatsen. Vill du ta bort redan sparade cookies g\u00f6r du \u00e4ven det i webbl\u00e4sarens inst\u00e4llningar. Det finns \u00e4ven tj\u00e4nster som g\u00f6r det m\u00f6jligt f\u00f6r dig att v\u00e4lja vilka cookies du \u00f6nskar st\u00e4nga av. Om du v\u00e4ljer att st\u00e4nga av cookies kan det medf\u00f6ra att vissa av v\u00e5ra tj\u00e4nster inte fungerar.<\/span><\/p>","protected":false},"excerpt":{"rendered":"<p>Vad \u00e4r en cookie? En cookie \u00e4r en textfil som den webbplats du bes\u00f6ker beg\u00e4r att f\u00e5 spara p\u00e5 din enhet&#8230;<\/p>","protected":false},"author":4,"featured_media":0,"parent":29,"menu_order":50,"comment_status":"closed","ping_status":"closed","template":"templates\/sidebar-template.php","meta":{"_acf_changed":false,"footnotes":""},"class_list":["post-3910","page","type-page","status-publish","hentry"],"acf":[],"_links":{"self":[{"href":"https:\/\/ivakonferens.stage.tankbar.cloud\/da\/wp-json\/wp\/v2\/pages\/3910","targetHints":{"allow":["GET"]}}],"collection":[{"href":"https:\/\/ivakonferens.stage.tankbar.cloud\/da\/wp-json\/wp\/v2\/pages"}],"about":[{"href":"https:\/\/ivakonferens.stage.tankbar.cloud\/da\/wp-json\/wp\/v2\/types\/page"}],"author":[{"embeddable":true,"href":"https:\/\/ivakonferens.stage.tankbar.cloud\/da\/wp-json\/wp\/v2\/users\/4"}],"replies":[{"embeddable":true,"href":"https:\/\/ivakonferens.stage.tankbar.cloud\/da\/wp-json\/wp\/v2\/comments?post=3910"}],"version-history":[{"count":7,"href":"https:\/\/ivakonferens.stage.tankbar.cloud\/da\/wp-json\/wp\/v2\/pages\/3910\/revisions"}],"predecessor-version":[{"id":3916,"href":"https:\/\/ivakonferens.stage.tankbar.cloud\/da\/wp-json\/wp\/v2\/pages\/3910\/revisions\/3916"}],"up":[{"embeddable":true,"href":"https:\/\/ivakonferens.stage.tankbar.cloud\/da\/wp-json\/wp\/v2\/pages\/29"}],"wp:attachment":[{"href":"https:\/\/ivakonferens.stage.tankbar.cloud\/da\/wp-json\/wp\/v2\/media?parent=3910"}],"curies":[{"name":"wp","href":"https:\/\/api.w.org\/{rel}","templated":true}]}}