{"id":206,"date":"2019-02-05T10:26:55","date_gmt":"2019-02-05T09:26:55","guid":{"rendered":"http:\/\/ivakonferens.se\/?page_id=206"},"modified":"2023-10-03T13:22:57","modified_gmt":"2023-10-03T11:22:57","slug":"kommande-event","status":"publish","type":"page","link":"https:\/\/ivakonferens.stage.tankbar.cloud\/de\/om-oss\/kommande-event\/","title":{"rendered":"Kommande event"},"content":{"rendered":"<h1>Ta del av alla intressanta seminarier som IVA h\u00e5ller<\/h1>\n<p>En stor del av IVAs uppgift \u00e4r kunskapsspridning och n\u00e4tverkande. Antalet m\u00f6ten och seminarium \u00e4r runt 130 st varje \u00e5r. Det handlar f\u00f6rst\u00e5s om IVAs viktiga fr\u00e5gor inom Ingenj\u00f6rssp\u00e5ren men ocks\u00e5 intressanta frukostm\u00f6ten som genomf\u00f6rs inom IVAs N\u00e4ringslivsr\u00e5d. Samtliga seminarium webbs\u00e4nds och \u00e4r gratis och \u00f6ppna f\u00f6r allm\u00e4nheten att medverka.<\/p>\n<h3>Ta del av alla intressanta seminarier som IVA h\u00e5ller<\/h3>\n<p>En stor del av IVAs uppgift \u00e4r kunskapsspridning och n\u00e4tverkande. Antalet m\u00f6ten och seminarium \u00e4r runt 130 varje \u00e5r. Det handlar f\u00f6rst\u00e5s om IVAs viktiga fr\u00e5gor inom Ingenj\u00f6rssp\u00e5ren men ocks\u00e5 intressanta frukostm\u00f6ten som genomf\u00f6rs inom IVAs N\u00e4ringslivsr\u00e5d. Samtliga seminarium webbs\u00e4nds och \u00e4r gratis och \u00f6ppna f\u00f6r allm\u00e4nheten att medverka. Nedan \u00e4r ett axplock av seminarium.<\/p>\n<p><strong>Hur m\u00e5r Sveriges FoU \u2013 vad beh\u00f6ver f\u00f6rb\u00e4ttras?<\/strong><br \/>\nVad beh\u00f6vs f\u00f6r att Sverige ska vara ett attraktivt land f\u00f6r n\u00e4ringslivet att investera i FoU? Hur \u00e4r det med kompetensbristen och skattesystemet? Varmt v\u00e4lkommen n\u00e4r vi presenterar IVAs \u00e5rliga kartl\u00e4ggning av n\u00e4ringslivets FoU-investeringar.<\/p>\n<p><strong>Skogens m\u00e5lkonflikter och v\u00e4gen fram\u00e5t<\/strong><br \/>\nBevarandet av biologisk m\u00e5ngfald st\u00e4lls ofta mot produktion av skogsbaserade material. Hur kan vi komma vidare? Beh\u00f6vs det nya aff\u00e4rsmodeller?\u00a0Hur har m\u00e5lkonflikterna i skogen sett ut historiskt, vilka \u00e4r de st\u00f6rsta utmaningarna idag och hur kan vi komma vidare?<\/p>\n<p><strong>Penningpolitisk lunch: vart \u00e4r Sveriges ekonomi p\u00e5 v\u00e4g?<\/strong><br \/>\nSverige befinner sig i ett nytt ekonomiskt l\u00e4ge. Den svenska ekonomin krymper, kronkursen \u00e4r rekordl\u00e5g, inflationen ligger p\u00e5 n\u00e4ra 10 procent och r\u00e4ntorna har \u00f6kat rej\u00e4lt det senaste \u00e5ret. Vi ser nedsk\u00e4rningar i den offentliga konsumtionen \u2013 s\u00e4rskilt i landets kommuner och regioner.<\/p>\n<p><strong>Satellitdata \u2013 Sveriges dolda styrkeomr\u00e5de<\/strong><br \/>\nData fr\u00e5n satelliter anv\u00e4nds till mer \u00e4n vi tror och inspirerar till att l\u00f6sa problem p\u00e5 nya s\u00e4tt. V\u00e4lkomna till ett seminarium med fokus p\u00e5 s\u00e4kerhet, klimat och milj\u00f6. Korta f\u00f6redrag f\u00f6ljs av en panel d\u00e4r vi f\u00f6rdjupar diskussionen om varf\u00f6r denna h\u00f6gaktuella del av rymdforskningen \u00e4r s\u00e5 viktig f\u00f6r Sverige, och vad vi mer kan g\u00f6ra f\u00f6r att utveckla all potential som finns.<\/p>\n<p><a class=\"btn fade desktop\" title=\"Se v\u00e5ra kommande event\" href=\"https:\/\/www.iva.se\/kommande-event\/\" target=\"_blank\" rel=\"noopener noreferrer\">L\u00e4s mer och anm\u00e4l dig h\u00e4r<\/a><\/p>","protected":false},"excerpt":{"rendered":"<p>En stor del av IVAs uppgift \u00e4r kunskapsspridning och n\u00e4tverkande.<\/p>","protected":false},"author":1,"featured_media":1727,"parent":29,"menu_order":70,"comment_status":"closed","ping_status":"closed","template":"templates\/sidebar-template.php","meta":{"_acf_changed":false,"footnotes":""},"class_list":["post-206","page","type-page","status-publish","has-post-thumbnail","hentry"],"acf":[],"_links":{"self":[{"href":"https:\/\/ivakonferens.stage.tankbar.cloud\/de\/wp-json\/wp\/v2\/pages\/206","targetHints":{"allow":["GET"]}}],"collection":[{"href":"https:\/\/ivakonferens.stage.tankbar.cloud\/de\/wp-json\/wp\/v2\/pages"}],"about":[{"href":"https:\/\/ivakonferens.stage.tankbar.cloud\/de\/wp-json\/wp\/v2\/types\/page"}],"author":[{"embeddable":true,"href":"https:\/\/ivakonferens.stage.tankbar.cloud\/de\/wp-json\/wp\/v2\/users\/1"}],"replies":[{"embeddable":true,"href":"https:\/\/ivakonferens.stage.tankbar.cloud\/de\/wp-json\/wp\/v2\/comments?post=206"}],"version-history":[{"count":16,"href":"https:\/\/ivakonferens.stage.tankbar.cloud\/de\/wp-json\/wp\/v2\/pages\/206\/revisions"}],"predecessor-version":[{"id":4527,"href":"https:\/\/ivakonferens.stage.tankbar.cloud\/de\/wp-json\/wp\/v2\/pages\/206\/revisions\/4527"}],"up":[{"embeddable":true,"href":"https:\/\/ivakonferens.stage.tankbar.cloud\/de\/wp-json\/wp\/v2\/pages\/29"}],"wp:featuredmedia":[{"embeddable":true,"href":"https:\/\/ivakonferens.stage.tankbar.cloud\/de\/wp-json\/wp\/v2\/media\/1727"}],"wp:attachment":[{"href":"https:\/\/ivakonferens.stage.tankbar.cloud\/de\/wp-json\/wp\/v2\/media?parent=206"}],"curies":[{"name":"wp","href":"https:\/\/api.w.org\/{rel}","templated":true}]}}