{"id":29,"date":"2019-01-30T10:18:44","date_gmt":"2019-01-30T09:18:44","guid":{"rendered":"http:\/\/ivakonferens.se\/?page_id=29"},"modified":"2023-05-02T11:43:41","modified_gmt":"2023-05-02T09:43:41","slug":"om-oss","status":"publish","type":"page","link":"https:\/\/ivakonferens.stage.tankbar.cloud\/de\/om-oss\/","title":{"rendered":"\u00dcber uns"},"content":{"rendered":"<h2>IVA \u00e4r en m\u00f6tesplats f\u00f6r Sveriges framtid<\/h2>\n<p>I 100 \u00e5r har Kungl. Ingenj\u00f6rsvetenskapsakademien (IVA) varit en m\u00f6tesplats f\u00f6r Sveriges framtid. IVA samlar kompetens och erfarenhet fr\u00e5n cirka 1 300 invalda akademiledam\u00f6ter och 250 f\u00f6retag. Vi bygger broar mellan n\u00e4ringsliv, offentlig verksamhet, akademi och politik.<\/p>\n<p>IVA \u00e4r ett l\u00e4ttillg\u00e4ngligt expertorgan frist\u00e5ende fr\u00e5n enskilda intressen, ideologier och partipolitik. Vi tror p\u00e5 och verkar f\u00f6r m\u00e4nniskans f\u00f6rm\u00e5ga att bidra positivt till samh\u00e4llet genom teknisk och ekonomisk vetenskap. IVA finansieras genom bidrag fr\u00e5n n\u00e4ringslivet, projekt- och statsanslag. En viktig uppgift f\u00f6r Akademien \u00e4r att vara en m\u00f6tesplats och den egna verksamheten arrangerar runt 120 m\u00f6ten och seminarier varje \u00e5r i egna lokaler.<\/p>\n<p>Med tiden har ett effektivt och v\u00e4lutrustat konferenscenter v\u00e4xt fram och i b\u00f6rjan av 1980-talet tog man steget att \u00f6ppna IVA Konferenscenter f\u00f6r den externa kunder. Idag \u00e4r konferenscentret en av Stockholms mest v\u00e4lbes\u00f6kta m\u00f6tesplatser och hit v\u00e4lkomnas stora och mindre f\u00f6retag f\u00f6r konferenser, bolagsst\u00e4mmor, middagar och events. H\u00e4r finns tio lokaler i varierande storlek. Allt fr\u00e5n mindre sammantr\u00e4desrum till den stora h\u00f6rsalen. M\u00e5ltiderna serveras i den vackra festv\u00e5ningen p\u00e5 \u00f6vre plan \u00e4ven kallad Bankettsalen.<\/p>\n<p>&nbsp;<\/p>","protected":false},"excerpt":{"rendered":"<p>IVA \u00e4r en m\u00f6tesplats f\u00f6r Sveriges framtid I 100 \u00e5r har Kungl. Ingenj\u00f6rsvetenskapsakademien (IVA) varit en m\u00f6tesplats f\u00f6r Sveriges framtid. IVA&#8230;<\/p>","protected":false},"author":1,"featured_media":0,"parent":0,"menu_order":50,"comment_status":"closed","ping_status":"closed","template":"templates\/sidebar-template.php","meta":{"_acf_changed":false,"footnotes":""},"class_list":["post-29","page","type-page","status-publish","hentry"],"acf":[],"_links":{"self":[{"href":"https:\/\/ivakonferens.stage.tankbar.cloud\/de\/wp-json\/wp\/v2\/pages\/29","targetHints":{"allow":["GET"]}}],"collection":[{"href":"https:\/\/ivakonferens.stage.tankbar.cloud\/de\/wp-json\/wp\/v2\/pages"}],"about":[{"href":"https:\/\/ivakonferens.stage.tankbar.cloud\/de\/wp-json\/wp\/v2\/types\/page"}],"author":[{"embeddable":true,"href":"https:\/\/ivakonferens.stage.tankbar.cloud\/de\/wp-json\/wp\/v2\/users\/1"}],"replies":[{"embeddable":true,"href":"https:\/\/ivakonferens.stage.tankbar.cloud\/de\/wp-json\/wp\/v2\/comments?post=29"}],"version-history":[{"count":14,"href":"https:\/\/ivakonferens.stage.tankbar.cloud\/de\/wp-json\/wp\/v2\/pages\/29\/revisions"}],"predecessor-version":[{"id":4470,"href":"https:\/\/ivakonferens.stage.tankbar.cloud\/de\/wp-json\/wp\/v2\/pages\/29\/revisions\/4470"}],"wp:attachment":[{"href":"https:\/\/ivakonferens.stage.tankbar.cloud\/de\/wp-json\/wp\/v2\/media?parent=29"}],"curies":[{"name":"wp","href":"https:\/\/api.w.org\/{rel}","templated":true}]}}