{"id":43,"date":"2019-01-30T10:45:19","date_gmt":"2019-01-30T09:45:19","guid":{"rendered":"http:\/\/ivakonferens.se\/?page_id=43"},"modified":"2023-01-17T11:15:40","modified_gmt":"2023-01-17T10:15:40","slug":"var-historia","status":"publish","type":"page","link":"https:\/\/ivakonferens.stage.tankbar.cloud\/de\/om-oss\/var-historia\/","title":{"rendered":"Unsere Geschichte"},"content":{"rendered":"<h2>Historien om IVA<\/h2>\n<p><strong>Sveriges n\u00e4st yngsta kungliga akademi bildades s\u00e5 sent som 1919, men samtidigt \u00e4r Kungl. Ingenj\u00f6rsvetenskapsakademien, IVA, v\u00e4rldens \u00e4ldsta ingenj\u00f6rsvetenskapsakademi.<\/strong><\/p>\n<p>Den s\u00e5 kallade torvbubblan, Sveriges f\u00f6rsta stora energikris \u00e5ren 1900 \u2013 1925, blev en v\u00e4ckarklocka f\u00f6r politikerna. Redan 1916 diskuterade riksdagen ett statligt forskningsinstitut f\u00f6r kraft- och br\u00e4nslefr\u00e5gor.\u00a0 N\u00e4r Kommerskollegiums industribyr\u00e5 fick i uppdrag att bereda fr\u00e5gan blev slutsatsen att ett statligt institut inte var den l\u00e4mpligaste formen. Verksamheten borde ist\u00e4llet breddas till att omfatta teknisk-vetenskaplig forskning och bedrivas av en frist\u00e5ende organisation.<\/p>\n<p>Riksdagen\u00a0gick p\u00e5 Kommerskollegiums linje\u00a0och 1919 var den Kungl. Ingenj\u00f6rsvetenskapsakademien ig\u00e5ng i lokalerna p\u00e5 Grev Turegatan i Stockholm. Verksamheten leddes av verkst\u00e4llande direkt\u00f6ren blev Axel F. Enstr\u00f6m som varit chef p\u00e5 Kommerskollegiums industribyr\u00e5. \u00a0Han stannade p\u00e5 posten i 21 \u00e5r.<\/p>\n<p>&nbsp;<\/p>","protected":false},"excerpt":{"rendered":"<p>Historien om IVA Sveriges n\u00e4st yngsta kungliga akademi bildades s\u00e5 sent som 1919, men samtidigt \u00e4r Kungl. Ingenj\u00f6rsvetenskapsakademien, IVA, v\u00e4rldens \u00e4ldsta&#8230;<\/p>","protected":false},"author":1,"featured_media":681,"parent":29,"menu_order":20,"comment_status":"closed","ping_status":"closed","template":"templates\/sidebar-template.php","meta":{"_acf_changed":false,"footnotes":""},"class_list":["post-43","page","type-page","status-publish","has-post-thumbnail","hentry"],"acf":[],"_links":{"self":[{"href":"https:\/\/ivakonferens.stage.tankbar.cloud\/de\/wp-json\/wp\/v2\/pages\/43","targetHints":{"allow":["GET"]}}],"collection":[{"href":"https:\/\/ivakonferens.stage.tankbar.cloud\/de\/wp-json\/wp\/v2\/pages"}],"about":[{"href":"https:\/\/ivakonferens.stage.tankbar.cloud\/de\/wp-json\/wp\/v2\/types\/page"}],"author":[{"embeddable":true,"href":"https:\/\/ivakonferens.stage.tankbar.cloud\/de\/wp-json\/wp\/v2\/users\/1"}],"replies":[{"embeddable":true,"href":"https:\/\/ivakonferens.stage.tankbar.cloud\/de\/wp-json\/wp\/v2\/comments?post=43"}],"version-history":[{"count":11,"href":"https:\/\/ivakonferens.stage.tankbar.cloud\/de\/wp-json\/wp\/v2\/pages\/43\/revisions"}],"predecessor-version":[{"id":4193,"href":"https:\/\/ivakonferens.stage.tankbar.cloud\/de\/wp-json\/wp\/v2\/pages\/43\/revisions\/4193"}],"up":[{"embeddable":true,"href":"https:\/\/ivakonferens.stage.tankbar.cloud\/de\/wp-json\/wp\/v2\/pages\/29"}],"wp:featuredmedia":[{"embeddable":true,"href":"https:\/\/ivakonferens.stage.tankbar.cloud\/de\/wp-json\/wp\/v2\/media\/681"}],"wp:attachment":[{"href":"https:\/\/ivakonferens.stage.tankbar.cloud\/de\/wp-json\/wp\/v2\/media?parent=43"}],"curies":[{"name":"wp","href":"https:\/\/api.w.org\/{rel}","templated":true}]}}