{"id":47,"date":"2019-01-30T10:46:19","date_gmt":"2019-01-30T09:46:19","guid":{"rendered":"http:\/\/ivakonferens.se\/?page_id=47"},"modified":"2022-03-02T14:29:52","modified_gmt":"2022-03-02T13:29:52","slug":"varderingar","status":"publish","type":"page","link":"https:\/\/ivakonferens.stage.tankbar.cloud\/de\/om-oss\/varderingar\/","title":{"rendered":"Unsere Werte"},"content":{"rendered":"<h1>V\u00e4rderingar<\/h1>\n<p>IVA \u00e4r en icke vinstdrivande och partipolitiskt obunden akademi med syfte att fr\u00e4mja Sveriges konkurrenskraft och h\u00e5llbara utveckling. D\u00e4rf\u00f6r \u00e4r v\u00e5rt h\u00e5llbarhetsarbete h\u00f6gt prioriterat. Genom att ta st\u00e4llning i viktiga samh\u00e4llsfr\u00e5gor baserat p\u00e5 vetenskaplig grund har man i projekten \u201dAttraktionskraft f\u00f6r h\u00e5llbar tillv\u00e4xt\u201d och \u201dResursattraktiva aff\u00e4rsmodeller\u201d tagit fram rapporter som bidrar och p\u00e5verkar diskussion och kunskapsspridning.<\/p>\n<p>I IVA:s nya strategi st\u00e5r fyra omr\u00e5den i fokus: Kunskap i v\u00e4rldsklass, Framtidens n\u00e4ringsliv, \u2028Klimat-Resurser-Energi och M\u00e4nniska-Teknik-Samh\u00e4lle. Det \u00e4r inom dessa omr\u00e5den som IVA ska tackla de m\u00e5nga viktiga fr\u00e5gor som kr\u00e4ver svar f\u00f6r att l\u00f6sa samh\u00e4llsutmaningar.<br \/>\nV\u00e5ra k\u00e4rnv\u00e4rden som ligger till grund f\u00f6r hela IVA inklusive konferenscentret \u00e4r f\u00f6ljande:<\/p>\n<p><strong>Kvalitet &#8211; Mod \u2013 Integritet<\/strong><br \/>\nDessa k\u00e4rnv\u00e4rden kompletteras med konferenscentrets egna utvalda v\u00e4rdeord.<\/p>\n<p>P\u00e5 IVA Konferenscenter arbetar vi efter att verksamheten alltid genomsyras av f\u00f6ljande ord:<\/p>\n<p><strong>Service \u2013 Trygghet \u2013 Funktionalitet \u2013 Tillg\u00e4nglighet<\/strong><\/p>\n<h3>Aff\u00e4rsid\u00e9<\/h3>\n<p>\u201dGenom att vara en tillg\u00e4nglig, funktionell och trygg m\u00f6tesplats med stor personlig service, f\u00f6r alla som beh\u00f6ver en plats att m\u00f6tas p\u00e5, vill vi att IVA Konferenscenter ska vara det sj\u00e4lvklara valet i centrala Stockholm\u201d<\/p>\n<h3>Vision<\/h3>\n<p>V\u00e5r dr\u00f6m \u00e4r att f\u00e5 dela med oss av v\u00e5r passion: att kombinera det klassiska v\u00e4rdskapet med moderna lokaler som \u00f6verraskar.<\/p>\n<h3>V\u00e5ra ink\u00f6p<\/h3>\n<p>Medlemmar i Svanens n\u00e4tverk<strong><br \/>\n<\/strong>Svanens n\u00e4tverk f\u00f6r ink\u00f6p med omtanke \u00e4r en organisation f\u00f6r f\u00f6retag som vill f\u00e5 st\u00f6d i sitt ink\u00f6psarbete. Svanens m\u00e5l \u00e4r att milj\u00f6m\u00e4rkta varor och tj\u00e4nster ska prioriteras och bli en sj\u00e4lvklar del i alla ink\u00f6psprocesser.<\/p>\n<p>D\u00e5 vi \u00e4r en konferensanl\u00e4ggning som inte har eget k\u00f6k kan vi inte klassificeras enligt Svanens kriterier.<\/p>\n<h3>V\u00e5ra lokaler<\/h3>\n<ul>\n<li>LED belysning \u00f6verallt f\u00f6rutom i festv\u00e5ningens kristallkronor<\/li>\n<li>St\u00e4dning sker av milj\u00f6certifierad firma med milj\u00f6produkter<\/li>\n<li>Tekniken (bildv\u00e4ggen) i h\u00f6rsalen \u00e4r energisn\u00e5l och drar str\u00f6m som en h\u00e5rtork<\/li>\n<li>Vi sorterar glas, metall, papper, kartong och plast<\/li>\n<li>Vi anv\u00e4nder inga eng\u00e5ngsartiklar<\/li>\n<li>I alla lokaler finns glas f\u00f6r vatten<\/li>\n<li>V\u00e5rt disk och reng\u00f6ringsmaterial \u00e4r milj\u00f6v\u00e4nligt<\/li>\n<li>Belysningen p\u00e5 samtliga toaletter \u00e4r n\u00e4rvarostyrt<\/li>\n<\/ul>\n<h3>\u00d6vrigt<\/h3>\n<ul>\n<li>De flesta av v\u00e5ra leverant\u00f6rer k\u00f6r milj\u00f6bilar. Vi samordnar transporter med Grodan<\/li>\n<li>V\u00e5ra dukar tv\u00e4ttas av milj\u00f6certifierat tv\u00e4tteri<\/li>\n<li>Milj\u00f6certifierade block och pennor<\/li>\n<li>V\u00e5ra blomsterarrangemang kommer fr\u00e5n n\u00e4rproducerade leverant\u00f6rer<\/li>\n<li>V\u00e5rt kopieringspapper \u00e4r FSC m\u00e4rkt<\/li>\n<\/ul>","protected":false},"excerpt":{"rendered":"<p>V\u00e4rderingar IVA \u00e4r en icke vinstdrivande och partipolitiskt obunden akademi med syfte att fr\u00e4mja Sveriges konkurrenskraft och h\u00e5llbara utveckling. D\u00e4rf\u00f6r \u00e4r&#8230;<\/p>","protected":false},"author":1,"featured_media":0,"parent":29,"menu_order":40,"comment_status":"closed","ping_status":"closed","template":"templates\/sidebar-template.php","meta":{"_acf_changed":false,"footnotes":""},"class_list":["post-47","page","type-page","status-publish","hentry"],"acf":[],"_links":{"self":[{"href":"https:\/\/ivakonferens.stage.tankbar.cloud\/de\/wp-json\/wp\/v2\/pages\/47","targetHints":{"allow":["GET"]}}],"collection":[{"href":"https:\/\/ivakonferens.stage.tankbar.cloud\/de\/wp-json\/wp\/v2\/pages"}],"about":[{"href":"https:\/\/ivakonferens.stage.tankbar.cloud\/de\/wp-json\/wp\/v2\/types\/page"}],"author":[{"embeddable":true,"href":"https:\/\/ivakonferens.stage.tankbar.cloud\/de\/wp-json\/wp\/v2\/users\/1"}],"replies":[{"embeddable":true,"href":"https:\/\/ivakonferens.stage.tankbar.cloud\/de\/wp-json\/wp\/v2\/comments?post=47"}],"version-history":[{"count":8,"href":"https:\/\/ivakonferens.stage.tankbar.cloud\/de\/wp-json\/wp\/v2\/pages\/47\/revisions"}],"predecessor-version":[{"id":942,"href":"https:\/\/ivakonferens.stage.tankbar.cloud\/de\/wp-json\/wp\/v2\/pages\/47\/revisions\/942"}],"up":[{"embeddable":true,"href":"https:\/\/ivakonferens.stage.tankbar.cloud\/de\/wp-json\/wp\/v2\/pages\/29"}],"wp:attachment":[{"href":"https:\/\/ivakonferens.stage.tankbar.cloud\/de\/wp-json\/wp\/v2\/media?parent=47"}],"curies":[{"name":"wp","href":"https:\/\/api.w.org\/{rel}","templated":true}]}}