{"id":49,"date":"2019-01-30T10:48:06","date_gmt":"2019-01-30T09:48:06","guid":{"rendered":"http:\/\/ivakonferens.se\/?page_id=49"},"modified":"2022-04-05T11:15:11","modified_gmt":"2022-04-05T09:15:11","slug":"bildbank","status":"publish","type":"page","link":"https:\/\/ivakonferens.stage.tankbar.cloud\/de\/om-oss\/bildbank\/","title":{"rendered":"Bilddatenbank"},"content":{"rendered":"<h1>Bilddatenbank <em>och pressmaterial<\/em><\/h1>\n<h3>Nedan finner du v\u00e5rt bildgalleri f\u00f6r b\u00e5de webb och tryck som enkelt kan laddas ned.<\/h3>\n<p>Vi har samlat alla m\u00f6tesrum, v\u00e5ra vackra matsalar, matinspiration samt detaljbilder <a href=\"#bildbank\">nedan<\/a>.<br \/>\nH\u00f6r av dig om du har \u00f6nskem\u00e5l p\u00e5 n\u00e5gon bild som du inte finner h\u00e4r.<\/p>\n<p>Via l\u00e4nken nedan kan du ta del av IVAs pressrum och samtliga publicerade seminarier.<br \/>\nH\u00e4r hittar du ocks\u00e5 rapporter, debattartiklar och v\u00e5r egen tidning IVA Aktuellt. Kort och gott alla nyheter som publiceras p\u00e5 sajten. Anv\u00e4nd filtreringen f\u00f6r att hitta det du s\u00f6ker.<br \/>\n<a href=\"https:\/\/www.iva.se\/publicerat\/\" target=\"_blank\" rel=\"noopener noreferrer\">https:\/\/www.iva.se\/publicerat\/<\/a><\/p>\n<h3 class=\"headline\">Logotyper<\/h3>\n<ul class=\"normal box\">\n<li style=\"list-style-type: none;\">\n<ul class=\"normal box\">\n<li><a class=\"icon-file-pdf\" href=\"\/wp-content\/uploads\/logos\/IVA_konferens_RGB.png\" target=\"_blank\" rel=\"noopener noreferrer\">IVA Konferenscenter png<\/a><\/li>\n<li><a class=\"icon-file-pdf\" href=\"\/wp-content\/uploads\/logos\/IVA_konferens_RGB.jpg\" target=\"_blank\" rel=\"noopener noreferrer\">IVA Konferenscenter jpg<\/a><\/li>\n<li><a class=\"icon-file-pdf\" href=\"\/wp-content\/uploads\/2019\/11\/IVA_Konferens_logotyper.zip\" target=\"_blank\" rel=\"noopener noreferrer\">IVA Konferenscenter zip<\/a><\/li>\n<\/ul>\n<\/li>\n<\/ul>\n<div id=\"bildbank\"><\/div>","protected":false},"excerpt":{"rendered":"<p>Bildbank och pressmaterial Nedan finner du v\u00e5rt bildgalleri f\u00f6r b\u00e5de webb och tryck som enkelt kan laddas ned. Vi har samlat&#8230;<\/p>","protected":false},"author":1,"featured_media":0,"parent":29,"menu_order":60,"comment_status":"closed","ping_status":"closed","template":"templates\/downloads-template.php","meta":{"_acf_changed":false,"footnotes":""},"class_list":["post-49","page","type-page","status-publish","hentry"],"acf":[],"_links":{"self":[{"href":"https:\/\/ivakonferens.stage.tankbar.cloud\/de\/wp-json\/wp\/v2\/pages\/49","targetHints":{"allow":["GET"]}}],"collection":[{"href":"https:\/\/ivakonferens.stage.tankbar.cloud\/de\/wp-json\/wp\/v2\/pages"}],"about":[{"href":"https:\/\/ivakonferens.stage.tankbar.cloud\/de\/wp-json\/wp\/v2\/types\/page"}],"author":[{"embeddable":true,"href":"https:\/\/ivakonferens.stage.tankbar.cloud\/de\/wp-json\/wp\/v2\/users\/1"}],"replies":[{"embeddable":true,"href":"https:\/\/ivakonferens.stage.tankbar.cloud\/de\/wp-json\/wp\/v2\/comments?post=49"}],"version-history":[{"count":25,"href":"https:\/\/ivakonferens.stage.tankbar.cloud\/de\/wp-json\/wp\/v2\/pages\/49\/revisions"}],"predecessor-version":[{"id":1932,"href":"https:\/\/ivakonferens.stage.tankbar.cloud\/de\/wp-json\/wp\/v2\/pages\/49\/revisions\/1932"}],"up":[{"embeddable":true,"href":"https:\/\/ivakonferens.stage.tankbar.cloud\/de\/wp-json\/wp\/v2\/pages\/29"}],"wp:attachment":[{"href":"https:\/\/ivakonferens.stage.tankbar.cloud\/de\/wp-json\/wp\/v2\/media?parent=49"}],"curies":[{"name":"wp","href":"https:\/\/api.w.org\/{rel}","templated":true}]}}