{"id":41,"date":"2019-01-30T10:43:23","date_gmt":"2019-01-30T09:43:23","guid":{"rendered":"http:\/\/ivakonferens.se\/?page_id=41"},"modified":"2023-04-21T14:27:45","modified_gmt":"2023-04-21T12:27:45","slug":"referenser","status":"publish","type":"page","link":"https:\/\/ivakonferens.stage.tankbar.cloud\/es\/om-oss\/referenser\/","title":{"rendered":"Referencias"},"content":{"rendered":"<h1>Referencias<\/h1>\n<h3>Valet av konferensanl\u00e4ggning styrs mycket av positiva omd\u00f6men.<\/h3>\n<p>N\u00e4r vi fr\u00e5gar v\u00e5ra nya kunder hur de hittade oss och de s\u00e4ger att det \u00e4r p\u00e5 rekommendation fr\u00e5n en n\u00f6jd v\u00e4n eller kollega s\u00e5 blir vi s\u00e5 glada och stolta. Det \u00e4r det b\u00e4sta omd\u00f6met vi kan f\u00e5.<\/p>\n<p>Vi som arbetar h\u00e4r \u00e4lskar service och g\u00f6r allt vi kan f\u00f6r att v\u00e5ra bes\u00f6kare ska trivas och f\u00e5 ut det b\u00e4sta av sitt bes\u00f6k. Att vara lyh\u00f6rd, snabb, flexibel och v\u00e4nlig \u00e4r sj\u00e4lvklarheter f\u00f6r oss. D\u00e4rf\u00f6r \u00e4r det extra roligt n\u00e4r v\u00e5ra g\u00e4ster spontant s\u00e4ger att det vi g\u00f6r \u00e4r bra. Nedan \u00e4r n\u00e5gra av alla positiva kommentarer vi f\u00e5tt den senaste tiden.<\/p>","protected":false},"excerpt":{"rendered":"<p>Referenser Valet av konferensanl\u00e4ggning styrs mycket av positiva omd\u00f6men. N\u00e4r vi fr\u00e5gar v\u00e5ra nya kunder hur de hittade oss och de&#8230;<\/p>","protected":false},"author":1,"featured_media":3533,"parent":29,"menu_order":10,"comment_status":"closed","ping_status":"closed","template":"templates\/sidebar-template.php","meta":{"_acf_changed":false,"footnotes":""},"class_list":["post-41","page","type-page","status-publish","has-post-thumbnail","hentry"],"acf":[],"_links":{"self":[{"href":"https:\/\/ivakonferens.stage.tankbar.cloud\/es\/wp-json\/wp\/v2\/pages\/41","targetHints":{"allow":["GET"]}}],"collection":[{"href":"https:\/\/ivakonferens.stage.tankbar.cloud\/es\/wp-json\/wp\/v2\/pages"}],"about":[{"href":"https:\/\/ivakonferens.stage.tankbar.cloud\/es\/wp-json\/wp\/v2\/types\/page"}],"author":[{"embeddable":true,"href":"https:\/\/ivakonferens.stage.tankbar.cloud\/es\/wp-json\/wp\/v2\/users\/1"}],"replies":[{"embeddable":true,"href":"https:\/\/ivakonferens.stage.tankbar.cloud\/es\/wp-json\/wp\/v2\/comments?post=41"}],"version-history":[{"count":9,"href":"https:\/\/ivakonferens.stage.tankbar.cloud\/es\/wp-json\/wp\/v2\/pages\/41\/revisions"}],"predecessor-version":[{"id":4453,"href":"https:\/\/ivakonferens.stage.tankbar.cloud\/es\/wp-json\/wp\/v2\/pages\/41\/revisions\/4453"}],"up":[{"embeddable":true,"href":"https:\/\/ivakonferens.stage.tankbar.cloud\/es\/wp-json\/wp\/v2\/pages\/29"}],"wp:featuredmedia":[{"embeddable":true,"href":"https:\/\/ivakonferens.stage.tankbar.cloud\/es\/wp-json\/wp\/v2\/media\/3533"}],"wp:attachment":[{"href":"https:\/\/ivakonferens.stage.tankbar.cloud\/es\/wp-json\/wp\/v2\/media?parent=41"}],"curies":[{"name":"wp","href":"https:\/\/api.w.org\/{rel}","templated":true}]}}