{"id":1079,"date":"2019-03-19T16:24:41","date_gmt":"2019-03-19T15:24:41","guid":{"rendered":"https:\/\/ivakonferens.se\/?page_id=1079"},"modified":"2023-03-14T14:51:46","modified_gmt":"2023-03-14T13:51:46","slug":"tips-for-miljon","status":"publish","type":"page","link":"https:\/\/ivakonferens.stage.tankbar.cloud\/fi\/om-oss\/tips-for-miljon\/","title":{"rendered":"Tips f\u00f6r milj\u00f6n"},"content":{"rendered":"<h2><span style=\"font-weight: 400;\">Milj\u00f6 &amp; h\u00e5llbarhet<\/span><\/h2>\n<p><span style=\"font-weight: 400;\">V\u00e5rt engagemang f\u00f6r milj\u00f6 och h\u00e5llbarhet \u00e4r stort p\u00e5 IVA. Vi jobbar aktivt med att milj\u00f6anpassa verksamheten och medverka till ett mer h\u00e5llbart samh\u00e4lle.<\/span><\/p>\n<p><span style=\"font-weight: 400;\">Vi har drivit flera projekt d\u00e4r bland annat rapporterna <\/span><i><span style=\"font-weight: 400;\">Resurseffektivitet och cirkul\u00e4r ekonomi<\/span><\/i><span style=\"font-weight: 400;\">, <\/span><i><span style=\"font-weight: 400;\">V\u00e4gval f\u00f6r klimatet och H\u00e5llbar vattenf\u00f6rs\u00f6rjning<\/span><\/i><span style=\"font-weight: 400;\"> har bidragit till nya syns\u00e4tt.<\/span><\/p>\n<p><a href=\"https:\/\/www.iva.se\/publicerat\/\" target=\"_blank\" rel=\"noopener\"><span style=\"font-weight: 400;\">H\u00e4r kan du l\u00e4sa rapporterna.<\/span><\/a><\/p>\n<p><span style=\"font-weight: 400;\">Milj\u00f6arbetet \u00e4r genomt\u00e4nkt och v\u00e4l f\u00f6rankrat i organisationen. Vi har;\u00a0<\/span><\/p>\n<ul>\n<li style=\"font-weight: 400;\" aria-level=\"1\"><span style=\"font-weight: 400;\">LED-ljus \u00f6verallt och som \u00e4r n\u00e4rvarostyrt p\u00e5 allt fler platser<\/span><\/li>\n<li style=\"font-weight: 400;\" aria-level=\"1\"><span style=\"font-weight: 400;\">milj\u00f6certifierade leverant\u00f6rer s\u00e5som st\u00e4dbolag, tv\u00e4tteri, kontorsmateriel och blomsterhandlare<\/span><\/li>\n<li style=\"font-weight: 400;\" aria-level=\"1\"><span style=\"font-weight: 400;\">ett samarbete med restaurang Grodan som arbetar med stort fokus p\u00e5 n\u00e4rodlade r\u00e5varor efter s\u00e4song och en meny som till stor del \u00e4r ekologiskt anpassad<\/span><\/li>\n<li style=\"font-weight: 400;\" aria-level=\"1\"><span style=\"font-weight: 400;\">en egen anl\u00e4ggning som renar och kyler vattnet fr\u00e5n v\u00e5r egen kran, s\u00e5 att vi kan servera v\u00e5ra g\u00e4ster s\u00e5v\u00e4l stilla som kolsyrat vatten tappat p\u00e5 plats<\/span><\/li>\n<li style=\"font-weight: 400;\" aria-level=\"1\"><span style=\"font-weight: 400;\">k\u00e4llsortering och \u00f6verbliven mat g\u00e5r till produktion av biogas<\/span><\/li>\n<\/ul>\n<p>&nbsp;<\/p>\n<h2><span style=\"font-weight: 400;\">S\u00e4kerhet<\/span><\/h2>\n<p><span style=\"font-weight: 400;\">H\u00e5llbarhet handlar f\u00f6rst\u00e5s \u00e4ven om att tillhandah\u00e5lla en s\u00e4ker milj\u00f6 f\u00f6r s\u00e5v\u00e4l g\u00e4ster som personal f\u00f6r att vi alla ska ha en v\u00e4lfungerande vardag och m\u00e5 bra. Vi anser d\u00e4rf\u00f6r att en viktig del \u00e4r att \u00e4ven kunna erbjuda trygghet och skydd mot st\u00f6ld, v\u00e5ld, hot, brand och andra olyckor. F\u00f6r att kunna erbjuda den s\u00e4kerheten utbildas v\u00e5r personal kontinuerligt i hj\u00e4rt- och lungr\u00e4ddning samt i brands\u00e4kerhet och utrymning.<\/span><\/p>\n<p>&nbsp;<\/p>\n<h2><span style=\"font-weight: 400;\">Vad kan du g\u00f6ra f\u00f6r milj\u00f6n?<\/span><\/h2>\n<p><span style=\"font-weight: 400;\">Vad kan vi g\u00f6ra i vardagen f\u00f6r att minska v\u00e5r milj\u00f6p\u00e5verkan? Det finns flera saker. H\u00e4r \u00e4r n\u00e5gra f\u00f6rslag!<\/span><\/p>","protected":false},"excerpt":{"rendered":"<p>Milj\u00f6 &amp; h\u00e5llbarhet V\u00e5rt engagemang f\u00f6r milj\u00f6 och h\u00e5llbarhet \u00e4r stort p\u00e5 IVA. Vi jobbar aktivt med att milj\u00f6anpassa verksamheten och&#8230;<\/p>","protected":false},"author":1,"featured_media":0,"parent":29,"menu_order":40,"comment_status":"closed","ping_status":"closed","template":"templates\/sidebar-template.php","meta":{"_acf_changed":false,"footnotes":""},"class_list":["post-1079","page","type-page","status-publish","hentry"],"acf":[],"_links":{"self":[{"href":"https:\/\/ivakonferens.stage.tankbar.cloud\/fi\/wp-json\/wp\/v2\/pages\/1079","targetHints":{"allow":["GET"]}}],"collection":[{"href":"https:\/\/ivakonferens.stage.tankbar.cloud\/fi\/wp-json\/wp\/v2\/pages"}],"about":[{"href":"https:\/\/ivakonferens.stage.tankbar.cloud\/fi\/wp-json\/wp\/v2\/types\/page"}],"author":[{"embeddable":true,"href":"https:\/\/ivakonferens.stage.tankbar.cloud\/fi\/wp-json\/wp\/v2\/users\/1"}],"replies":[{"embeddable":true,"href":"https:\/\/ivakonferens.stage.tankbar.cloud\/fi\/wp-json\/wp\/v2\/comments?post=1079"}],"version-history":[{"count":13,"href":"https:\/\/ivakonferens.stage.tankbar.cloud\/fi\/wp-json\/wp\/v2\/pages\/1079\/revisions"}],"predecessor-version":[{"id":4336,"href":"https:\/\/ivakonferens.stage.tankbar.cloud\/fi\/wp-json\/wp\/v2\/pages\/1079\/revisions\/4336"}],"up":[{"embeddable":true,"href":"https:\/\/ivakonferens.stage.tankbar.cloud\/fi\/wp-json\/wp\/v2\/pages\/29"}],"wp:attachment":[{"href":"https:\/\/ivakonferens.stage.tankbar.cloud\/fi\/wp-json\/wp\/v2\/media?parent=1079"}],"curies":[{"name":"wp","href":"https:\/\/api.w.org\/{rel}","templated":true}]}}