{"id":1988,"date":"2021-03-23T10:18:16","date_gmt":"2021-03-23T09:18:16","guid":{"rendered":"https:\/\/ivakonferens.se\/?page_id=1988"},"modified":"2022-02-28T10:15:44","modified_gmt":"2022-02-28T09:15:44","slug":"proffs-framfor-kameran","status":"publish","type":"page","link":"https:\/\/ivakonferens.stage.tankbar.cloud\/fi\/proffs-framfor-kameran\/","title":{"rendered":"Proffs framf\u00f6r kameran"},"content":{"rendered":"","protected":false},"excerpt":{"rendered":"<p>Bli ett proffs framf\u00f6r kameran &#8211; v\u00e5ra tekniker p\u00e5 IVA Konferenscenter ger sina b\u00e4sta tips!<\/p>","protected":false},"author":1,"featured_media":2009,"parent":0,"menu_order":45,"comment_status":"closed","ping_status":"closed","template":"","meta":{"_acf_changed":false,"footnotes":""},"class_list":["post-1988","page","type-page","status-publish","has-post-thumbnail","hentry"],"acf":[],"_links":{"self":[{"href":"https:\/\/ivakonferens.stage.tankbar.cloud\/fi\/wp-json\/wp\/v2\/pages\/1988","targetHints":{"allow":["GET"]}}],"collection":[{"href":"https:\/\/ivakonferens.stage.tankbar.cloud\/fi\/wp-json\/wp\/v2\/pages"}],"about":[{"href":"https:\/\/ivakonferens.stage.tankbar.cloud\/fi\/wp-json\/wp\/v2\/types\/page"}],"author":[{"embeddable":true,"href":"https:\/\/ivakonferens.stage.tankbar.cloud\/fi\/wp-json\/wp\/v2\/users\/1"}],"replies":[{"embeddable":true,"href":"https:\/\/ivakonferens.stage.tankbar.cloud\/fi\/wp-json\/wp\/v2\/comments?post=1988"}],"version-history":[{"count":10,"href":"https:\/\/ivakonferens.stage.tankbar.cloud\/fi\/wp-json\/wp\/v2\/pages\/1988\/revisions"}],"predecessor-version":[{"id":2828,"href":"https:\/\/ivakonferens.stage.tankbar.cloud\/fi\/wp-json\/wp\/v2\/pages\/1988\/revisions\/2828"}],"wp:featuredmedia":[{"embeddable":true,"href":"https:\/\/ivakonferens.stage.tankbar.cloud\/fi\/wp-json\/wp\/v2\/media\/2009"}],"wp:attachment":[{"href":"https:\/\/ivakonferens.stage.tankbar.cloud\/fi\/wp-json\/wp\/v2\/media?parent=1988"}],"curies":[{"name":"wp","href":"https:\/\/api.w.org\/{rel}","templated":true}]}}