{"id":2025,"date":"2021-04-14T13:00:35","date_gmt":"2021-04-14T11:00:35","guid":{"rendered":"https:\/\/ivakonferens.se\/?page_id=2025"},"modified":"2023-04-20T16:24:38","modified_gmt":"2023-04-20T14:24:38","slug":"hybridmoten","status":"publish","type":"page","link":"https:\/\/ivakonferens.stage.tankbar.cloud\/fr\/konferens-och-moten\/moten\/hybridmoten\/","title":{"rendered":"R\u00e9unions hybrides"},"content":{"rendered":"","protected":false},"excerpt":{"rendered":"<p>IVA Konferenscenter arrangerar alla typer av m\u00f6ten \u2013 fr\u00e5n mindre aff\u00e4rsm\u00f6ten och konferenser till st\u00f6rre events.<\/p>","protected":false},"author":4,"featured_media":492,"parent":2543,"menu_order":10,"comment_status":"closed","ping_status":"closed","template":"","meta":{"_acf_changed":false,"footnotes":""},"class_list":["post-2025","page","type-page","status-publish","has-post-thumbnail","hentry"],"acf":[],"_links":{"self":[{"href":"https:\/\/ivakonferens.stage.tankbar.cloud\/fr\/wp-json\/wp\/v2\/pages\/2025","targetHints":{"allow":["GET"]}}],"collection":[{"href":"https:\/\/ivakonferens.stage.tankbar.cloud\/fr\/wp-json\/wp\/v2\/pages"}],"about":[{"href":"https:\/\/ivakonferens.stage.tankbar.cloud\/fr\/wp-json\/wp\/v2\/types\/page"}],"author":[{"embeddable":true,"href":"https:\/\/ivakonferens.stage.tankbar.cloud\/fr\/wp-json\/wp\/v2\/users\/4"}],"replies":[{"embeddable":true,"href":"https:\/\/ivakonferens.stage.tankbar.cloud\/fr\/wp-json\/wp\/v2\/comments?post=2025"}],"version-history":[{"count":11,"href":"https:\/\/ivakonferens.stage.tankbar.cloud\/fr\/wp-json\/wp\/v2\/pages\/2025\/revisions"}],"predecessor-version":[{"id":4443,"href":"https:\/\/ivakonferens.stage.tankbar.cloud\/fr\/wp-json\/wp\/v2\/pages\/2025\/revisions\/4443"}],"up":[{"embeddable":true,"href":"https:\/\/ivakonferens.stage.tankbar.cloud\/fr\/wp-json\/wp\/v2\/pages\/2543"}],"wp:featuredmedia":[{"embeddable":true,"href":"https:\/\/ivakonferens.stage.tankbar.cloud\/fr\/wp-json\/wp\/v2\/media\/492"}],"wp:attachment":[{"href":"https:\/\/ivakonferens.stage.tankbar.cloud\/fr\/wp-json\/wp\/v2\/media?parent=2025"}],"curies":[{"name":"wp","href":"https:\/\/api.w.org\/{rel}","templated":true}]}}