{"id":25,"date":"2019-01-30T10:15:33","date_gmt":"2019-01-30T09:15:33","guid":{"rendered":"http:\/\/ivakonferens.se\/?page_id=25"},"modified":"2023-10-12T10:40:42","modified_gmt":"2023-10-12T08:40:42","slug":"event-festvaning","status":"publish","type":"page","link":"https:\/\/ivakonferens.stage.tankbar.cloud\/fr\/event-festvaning\/","title":{"rendered":"Salle d'\u00e9v\u00e9nements et de banquets"},"content":{"rendered":"","protected":false},"excerpt":{"rendered":"<p>I v\u00e5ra lokaler har det firats sedan slutet av 1800-talet, Historien finns bevarad. Precis som det en g\u00e5ng var.<\/p>","protected":false},"author":1,"featured_media":1942,"parent":0,"menu_order":30,"comment_status":"closed","ping_status":"closed","template":"","meta":{"_acf_changed":false,"footnotes":""},"class_list":["post-25","page","type-page","status-publish","has-post-thumbnail","hentry"],"acf":[],"_links":{"self":[{"href":"https:\/\/ivakonferens.stage.tankbar.cloud\/fr\/wp-json\/wp\/v2\/pages\/25","targetHints":{"allow":["GET"]}}],"collection":[{"href":"https:\/\/ivakonferens.stage.tankbar.cloud\/fr\/wp-json\/wp\/v2\/pages"}],"about":[{"href":"https:\/\/ivakonferens.stage.tankbar.cloud\/fr\/wp-json\/wp\/v2\/types\/page"}],"author":[{"embeddable":true,"href":"https:\/\/ivakonferens.stage.tankbar.cloud\/fr\/wp-json\/wp\/v2\/users\/1"}],"replies":[{"embeddable":true,"href":"https:\/\/ivakonferens.stage.tankbar.cloud\/fr\/wp-json\/wp\/v2\/comments?post=25"}],"version-history":[{"count":11,"href":"https:\/\/ivakonferens.stage.tankbar.cloud\/fr\/wp-json\/wp\/v2\/pages\/25\/revisions"}],"predecessor-version":[{"id":4536,"href":"https:\/\/ivakonferens.stage.tankbar.cloud\/fr\/wp-json\/wp\/v2\/pages\/25\/revisions\/4536"}],"wp:featuredmedia":[{"embeddable":true,"href":"https:\/\/ivakonferens.stage.tankbar.cloud\/fr\/wp-json\/wp\/v2\/media\/1942"}],"wp:attachment":[{"href":"https:\/\/ivakonferens.stage.tankbar.cloud\/fr\/wp-json\/wp\/v2\/media?parent=25"}],"curies":[{"name":"wp","href":"https:\/\/api.w.org\/{rel}","templated":true}]}}