{"id":4461,"date":"2023-05-02T11:33:01","date_gmt":"2023-05-02T09:33:01","guid":{"rendered":"https:\/\/ivakonferens.se\/?page_id=4461"},"modified":"2023-05-02T11:36:56","modified_gmt":"2023-05-02T09:36:56","slug":"bra-att-veta","status":"publish","type":"page","link":"https:\/\/ivakonferens.stage.tankbar.cloud\/fr\/om-oss\/bra-att-veta\/","title":{"rendered":"Bra att veta"},"content":{"rendered":"<h1>Allt du \u00f6nskar finns runt husknuten.<\/h1>\n<p><strong>Uppt\u00e4ck Stockholm och \u00d6stermalm!<\/strong><\/p>\n<p>H\u00e4r \u00e4r det \u00e4r l\u00e4get som r\u00e4knas! Oavsett om du v\u00e4ljer att f\u00e4rdas med h\u00e4st o vagn\u00a0 eller dina egna apostlah\u00e4star \u00e4r det l\u00e4tt att ta sig till oss. Och n\u00e4r du \u00e4r h\u00e4r har du n\u00e4ra till allt; tunnelbanan som bara \u00e4r ett stenkast bort eller ca 200m f\u00f6r att vara precis; buss nr 1, den bl\u00e5,\u00a0 g\u00e5r fr\u00e5n Stureplan till Centralstation. Flyger du, ligger Bromma flygplats endast 9km bort och Arlanda 40km norrut.<\/p>\n<p>N\u00e4r du konfererat klart, kan du l\u00e4tt bes\u00f6ka din favoritbutik i n\u00e4rliggande Sturegallerian eller g\u00e5 n\u00e5gra meter extra till de exklusiva butikerna p\u00e5 Biblioteksgatan. Du som \u00e4r gourmand, vill kanske hellre bes\u00f6ka anrika och nyrestaurerade \u00d6stermalmshallen, anno 1888, som \u00e4r fylld av l\u00e4ckerheter bara f\u00f6r din skull. Eller varf\u00f6r inte ta en uppfriskande promenad l\u00e4ngs Strandv\u00e4gen ut mot Djurg\u00e5rden.<\/p>\n<p>Helt enkelt, n\u00e4ra till allt.<\/p>\n<p>Hotellm\u00f6jligheter p\u00e5 n\u00e5gra minuters promenad!<\/p>\n<p><strong>Mornington Hotell<\/strong>, Nybrogatan 53 08-507 330 00<br \/>\n<strong>Scandic Anglais<\/strong>, Humleg\u00e5rdsgatan 23 08-517 340 00<br \/>\n<strong>Nobis Hotel<\/strong>, Norrmalmstorg 2-4 08-614 10 00<br \/>\n<strong>Hotel Riddargatan<\/strong>, Riddargatan 14 08-555 730 00<br \/>\n<strong>Hotell Diplomat<\/strong>, Strandv\u00e4gen 7C 08-459 68 00<br \/>\n<strong>Berns Hotell<\/strong>, N\u00e4ckstr\u00f6msgatan 8 08-566 322 50<\/p>","protected":false},"excerpt":{"rendered":"<p>Allt du \u00f6nskar finns runt husknuten. Uppt\u00e4ck Stockholm och \u00d6stermalm! H\u00e4r \u00e4r det \u00e4r l\u00e4get som r\u00e4knas! Oavsett om du v\u00e4ljer&#8230;<\/p>","protected":false},"author":1,"featured_media":0,"parent":29,"menu_order":0,"comment_status":"closed","ping_status":"closed","template":"templates\/sidebar-template.php","meta":{"_acf_changed":false,"footnotes":""},"class_list":["post-4461","page","type-page","status-publish","hentry"],"acf":[],"_links":{"self":[{"href":"https:\/\/ivakonferens.stage.tankbar.cloud\/fr\/wp-json\/wp\/v2\/pages\/4461","targetHints":{"allow":["GET"]}}],"collection":[{"href":"https:\/\/ivakonferens.stage.tankbar.cloud\/fr\/wp-json\/wp\/v2\/pages"}],"about":[{"href":"https:\/\/ivakonferens.stage.tankbar.cloud\/fr\/wp-json\/wp\/v2\/types\/page"}],"author":[{"embeddable":true,"href":"https:\/\/ivakonferens.stage.tankbar.cloud\/fr\/wp-json\/wp\/v2\/users\/1"}],"replies":[{"embeddable":true,"href":"https:\/\/ivakonferens.stage.tankbar.cloud\/fr\/wp-json\/wp\/v2\/comments?post=4461"}],"version-history":[{"count":5,"href":"https:\/\/ivakonferens.stage.tankbar.cloud\/fr\/wp-json\/wp\/v2\/pages\/4461\/revisions"}],"predecessor-version":[{"id":4469,"href":"https:\/\/ivakonferens.stage.tankbar.cloud\/fr\/wp-json\/wp\/v2\/pages\/4461\/revisions\/4469"}],"up":[{"embeddable":true,"href":"https:\/\/ivakonferens.stage.tankbar.cloud\/fr\/wp-json\/wp\/v2\/pages\/29"}],"wp:attachment":[{"href":"https:\/\/ivakonferens.stage.tankbar.cloud\/fr\/wp-json\/wp\/v2\/media?parent=4461"}],"curies":[{"name":"wp","href":"https:\/\/api.w.org\/{rel}","templated":true}]}}