{"id":1822,"date":"2020-10-20T16:32:35","date_gmt":"2020-10-20T14:32:35","guid":{"rendered":"https:\/\/ivakonferens.se\/?page_id=1822"},"modified":"2022-02-10T11:27:38","modified_gmt":"2022-02-10T10:27:38","slug":"dagkonferens","status":"publish","type":"page","link":"https:\/\/ivakonferens.stage.tankbar.cloud\/nb\/konferens-och-moten\/konferenser\/dagkonferens\/","title":{"rendered":"Dagskonferanse"},"content":{"rendered":"","protected":false},"excerpt":{"rendered":"<p>IVA Konferenscenter arrangerar alla typer av m\u00f6ten \u2013 fr\u00e5n mindre aff\u00e4rsm\u00f6ten och konferenser till st\u00f6rre events.<\/p>","protected":false},"author":2,"featured_media":492,"parent":2541,"menu_order":10,"comment_status":"closed","ping_status":"closed","template":"","meta":{"_acf_changed":false,"footnotes":""},"class_list":["post-1822","page","type-page","status-publish","has-post-thumbnail","hentry"],"acf":[],"_links":{"self":[{"href":"https:\/\/ivakonferens.stage.tankbar.cloud\/nb\/wp-json\/wp\/v2\/pages\/1822","targetHints":{"allow":["GET"]}}],"collection":[{"href":"https:\/\/ivakonferens.stage.tankbar.cloud\/nb\/wp-json\/wp\/v2\/pages"}],"about":[{"href":"https:\/\/ivakonferens.stage.tankbar.cloud\/nb\/wp-json\/wp\/v2\/types\/page"}],"author":[{"embeddable":true,"href":"https:\/\/ivakonferens.stage.tankbar.cloud\/nb\/wp-json\/wp\/v2\/users\/2"}],"replies":[{"embeddable":true,"href":"https:\/\/ivakonferens.stage.tankbar.cloud\/nb\/wp-json\/wp\/v2\/comments?post=1822"}],"version-history":[{"count":10,"href":"https:\/\/ivakonferens.stage.tankbar.cloud\/nb\/wp-json\/wp\/v2\/pages\/1822\/revisions"}],"predecessor-version":[{"id":2733,"href":"https:\/\/ivakonferens.stage.tankbar.cloud\/nb\/wp-json\/wp\/v2\/pages\/1822\/revisions\/2733"}],"up":[{"embeddable":true,"href":"https:\/\/ivakonferens.stage.tankbar.cloud\/nb\/wp-json\/wp\/v2\/pages\/2541"}],"wp:featuredmedia":[{"embeddable":true,"href":"https:\/\/ivakonferens.stage.tankbar.cloud\/nb\/wp-json\/wp\/v2\/media\/492"}],"wp:attachment":[{"href":"https:\/\/ivakonferens.stage.tankbar.cloud\/nb\/wp-json\/wp\/v2\/media?parent=1822"}],"curies":[{"name":"wp","href":"https:\/\/api.w.org\/{rel}","templated":true}]}}