{"id":20,"date":"2019-01-30T10:06:49","date_gmt":"2019-01-30T09:06:49","guid":{"rendered":"http:\/\/ivakonferens.se\/?page_id=20"},"modified":"2022-11-28T16:04:49","modified_gmt":"2022-11-28T15:04:49","slug":"lokaler","status":"publish","type":"page","link":"https:\/\/ivakonferens.stage.tankbar.cloud\/nb\/lokaler\/","title":{"rendered":"Lokaler"},"content":{"rendered":"<p>H\u00e4r ligger sidinneh\u00e5llet f\u00f6r konferens.<\/p>","protected":false},"excerpt":{"rendered":"<p>IVA Konferenscenter arrangerar alla typer av m\u00f6ten \u2013 fr\u00e5n mindre aff\u00e4rsm\u00f6ten och konferenser till st\u00f6rre events.<\/p>","protected":false},"author":1,"featured_media":564,"parent":0,"menu_order":10,"comment_status":"closed","ping_status":"closed","template":"","meta":{"_acf_changed":false,"footnotes":""},"class_list":["post-20","page","type-page","status-publish","has-post-thumbnail","hentry"],"acf":[],"_links":{"self":[{"href":"https:\/\/ivakonferens.stage.tankbar.cloud\/nb\/wp-json\/wp\/v2\/pages\/20","targetHints":{"allow":["GET"]}}],"collection":[{"href":"https:\/\/ivakonferens.stage.tankbar.cloud\/nb\/wp-json\/wp\/v2\/pages"}],"about":[{"href":"https:\/\/ivakonferens.stage.tankbar.cloud\/nb\/wp-json\/wp\/v2\/types\/page"}],"author":[{"embeddable":true,"href":"https:\/\/ivakonferens.stage.tankbar.cloud\/nb\/wp-json\/wp\/v2\/users\/1"}],"replies":[{"embeddable":true,"href":"https:\/\/ivakonferens.stage.tankbar.cloud\/nb\/wp-json\/wp\/v2\/comments?post=20"}],"version-history":[{"count":10,"href":"https:\/\/ivakonferens.stage.tankbar.cloud\/nb\/wp-json\/wp\/v2\/pages\/20\/revisions"}],"predecessor-version":[{"id":2903,"href":"https:\/\/ivakonferens.stage.tankbar.cloud\/nb\/wp-json\/wp\/v2\/pages\/20\/revisions\/2903"}],"wp:featuredmedia":[{"embeddable":true,"href":"https:\/\/ivakonferens.stage.tankbar.cloud\/nb\/wp-json\/wp\/v2\/media\/564"}],"wp:attachment":[{"href":"https:\/\/ivakonferens.stage.tankbar.cloud\/nb\/wp-json\/wp\/v2\/media?parent=20"}],"curies":[{"name":"wp","href":"https:\/\/api.w.org\/{rel}","templated":true}]}}