{"id":33,"date":"2019-01-30T10:25:53","date_gmt":"2019-01-30T09:25:53","guid":{"rendered":"http:\/\/ivakonferens.se\/?page_id=33"},"modified":"2023-05-12T11:14:50","modified_gmt":"2023-05-12T09:14:50","slug":"boka","status":"publish","type":"page","link":"https:\/\/ivakonferens.stage.tankbar.cloud\/nb\/boka\/","title":{"rendered":"Boka"},"content":{"rendered":"<h1>Bokningsf\u00f6rfr\u00e5gan<\/h1>\n<h3>Fyll i f\u00f6rfr\u00e5gan s\u00e5 kontaktar vi dig inom kort.<\/h3>\n<p>Alla priser som presenteras p\u00e5 denna webbplats \u00e4r exklusive moms.<\/p>\n<p>&nbsp;<\/p>","protected":false},"excerpt":{"rendered":"<p>Bokningsf\u00f6rfr\u00e5gan Fyll i f\u00f6rfr\u00e5gan s\u00e5 kontaktar vi dig inom kort. Alla priser som presenteras p\u00e5 denna webbplats \u00e4r exklusive moms. &nbsp;<\/p>","protected":false},"author":1,"featured_media":0,"parent":0,"menu_order":70,"comment_status":"closed","ping_status":"closed","template":"templates\/booking-template.php","meta":{"_acf_changed":false,"footnotes":""},"class_list":["post-33","page","type-page","status-publish","hentry"],"acf":[],"_links":{"self":[{"href":"https:\/\/ivakonferens.stage.tankbar.cloud\/nb\/wp-json\/wp\/v2\/pages\/33","targetHints":{"allow":["GET"]}}],"collection":[{"href":"https:\/\/ivakonferens.stage.tankbar.cloud\/nb\/wp-json\/wp\/v2\/pages"}],"about":[{"href":"https:\/\/ivakonferens.stage.tankbar.cloud\/nb\/wp-json\/wp\/v2\/types\/page"}],"author":[{"embeddable":true,"href":"https:\/\/ivakonferens.stage.tankbar.cloud\/nb\/wp-json\/wp\/v2\/users\/1"}],"replies":[{"embeddable":true,"href":"https:\/\/ivakonferens.stage.tankbar.cloud\/nb\/wp-json\/wp\/v2\/comments?post=33"}],"version-history":[{"count":7,"href":"https:\/\/ivakonferens.stage.tankbar.cloud\/nb\/wp-json\/wp\/v2\/pages\/33\/revisions"}],"predecessor-version":[{"id":4480,"href":"https:\/\/ivakonferens.stage.tankbar.cloud\/nb\/wp-json\/wp\/v2\/pages\/33\/revisions\/4480"}],"wp:attachment":[{"href":"https:\/\/ivakonferens.stage.tankbar.cloud\/nb\/wp-json\/wp\/v2\/media?parent=33"}],"curies":[{"name":"wp","href":"https:\/\/api.w.org\/{rel}","templated":true}]}}